{"id":491,"date":"2023-01-26T11:38:23","date_gmt":"2023-01-26T11:38:23","guid":{"rendered":"https:\/\/mordue-de-livres.fr\/?page_id=491"},"modified":"2023-02-09T17:49:10","modified_gmt":"2023-02-09T17:49:10","slug":"a-propos-de-moi","status":"publish","type":"page","link":"https:\/\/mordue-de-livres.fr\/?page_id=491","title":{"rendered":"A propos de moi"},"content":{"rendered":"\n<div class=\"wp-block-media-text alignfull is-stacked-on-mobile is-vertically-aligned-center\"><figure class=\"wp-block-media-text__media\"><img loading=\"lazy\" decoding=\"async\" width=\"219\" height=\"230\" src=\"https:\/\/mordue-de-livres.fr\/wp-content\/uploads\/2023\/01\/e5d433f7ae1ef60ddfd6e010c85b3e5b.jpg\" alt=\"\" class=\"wp-image-492 size-full\"\/><\/figure><div class=\"wp-block-media-text__content\">\n<h3 class=\"has-text-align-center wp-block-heading has-text-color\" style=\"color:#000000\">A Propos de moi<\/h3>\n\n\n\n<p>Pour autant que je sache, j&rsquo;ai toujours eu un livre dans la main : quand je ne travaille pas, quand je voyage, quand je pars en week-end , enfin bref j&rsquo;ai toujours un livre dans mon sac .<\/p>\n\n\n\n<p>Lorsqu&rsquo;on me demande ce que je fais de mes moments off, je r\u00e9ponds : je lis. Lorsq&rsquo;on me demande que veux-tu comme cadeau je r\u00e9ponds : un livre.<\/p>\n\n\n\n<p>J&rsquo;ai une ENOOOOORME PAL et une biblioth\u00e8que qui d\u00e9borde.<\/p>\n\n\n\n<p>Tout le monde conn\u00e2it mon go\u00fbt pour la lecture et du coup mes jeunes coll\u00e8gues m&rsquo;ont sugg\u00e9r\u00e9 de cr\u00e9er un compte insragram.<\/p>\n\n\n\n<p>De fil en aiguille j&rsquo;ai cr\u00e9e ce site , en plus de mon compte instagram.<\/p>\n\n\n\n<p>J&rsquo;y partage mes lectures , mes avis.<\/p>\n\n\n\n<p>Adorant voyager et prendre des photos, j&rsquo;y parle aussi de certains de mes vacances , de ce que j&rsquo;ai pu voir et appr\u00e9cier dans ces pays\/ villes \u00e9trang\u00e8res.<\/p>\n<\/div><\/div>\n","protected":false},"excerpt":{"rendered":"<p>A Propos de moi Pour autant que je sache, j&rsquo;ai toujours eu un livre dans la main : quand je ne travaille pas, quand je voyage, quand je pars en week-end , enfin bref j&rsquo;ai toujours un livre dans mon sac . Lorsqu&rsquo;on me demande ce que je fais de mes moments off, je r\u00e9ponds [&hellip;]<\/p>\n","protected":false},"author":1,"featured_media":0,"parent":0,"menu_order":0,"comment_status":"closed","ping_status":"closed","template":"","meta":{"_eb_attr":"","ngg_post_thumbnail":0,"footnotes":""},"class_list":["post-491","page","type-page","status-publish","hentry"],"aioseo_notices":[],"_links":{"self":[{"href":"https:\/\/mordue-de-livres.fr\/index.php?rest_route=\/wp\/v2\/pages\/491","targetHints":{"allow":["GET"]}}],"collection":[{"href":"https:\/\/mordue-de-livres.fr\/index.php?rest_route=\/wp\/v2\/pages"}],"about":[{"href":"https:\/\/mordue-de-livres.fr\/index.php?rest_route=\/wp\/v2\/types\/page"}],"author":[{"embeddable":true,"href":"https:\/\/mordue-de-livres.fr\/index.php?rest_route=\/wp\/v2\/users\/1"}],"replies":[{"embeddable":true,"href":"https:\/\/mordue-de-livres.fr\/index.php?rest_route=%2Fwp%2Fv2%2Fcomments&post=491"}],"version-history":[{"count":2,"href":"https:\/\/mordue-de-livres.fr\/index.php?rest_route=\/wp\/v2\/pages\/491\/revisions"}],"predecessor-version":[{"id":712,"href":"https:\/\/mordue-de-livres.fr\/index.php?rest_route=\/wp\/v2\/pages\/491\/revisions\/712"}],"wp:attachment":[{"href":"https:\/\/mordue-de-livres.fr\/index.php?rest_route=%2Fwp%2Fv2%2Fmedia&parent=491"}],"curies":[{"name":"wp","href":"https:\/\/api.w.org\/{rel}","templated":true}]}}